{"id":86,"date":"2026-01-26T18:11:40","date_gmt":"2026-01-26T18:11:40","guid":{"rendered":"https:\/\/oekologiedergeister.de\/?page_id=86"},"modified":"2026-02-02T12:53:21","modified_gmt":"2026-02-02T12:53:21","slug":"impressum","status":"publish","type":"page","link":"https:\/\/oekologiedergeister.de\/index.php\/impressum\/","title":{"rendered":"Impressum"},"content":{"rendered":"<p>[et_pb_section fb_built=&#8220;1&#8243; _builder_version=&#8220;4.27.5&#8243; _module_preset=&#8220;default&#8220; global_colors_info=&#8220;{}&#8220;][et_pb_row _builder_version=&#8220;4.27.5&#8243; _module_preset=&#8220;default&#8220; global_colors_info=&#8220;{}&#8220;][et_pb_column type=&#8220;4_4&#8243; _builder_version=&#8220;4.27.5&#8243; _module_preset=&#8220;default&#8220; global_colors_info=&#8220;{}&#8220;][et_pb_text _builder_version=&#8220;4.27.5&#8243; _module_preset=&#8220;default&#8220; global_colors_info=&#8220;{}&#8220;]<\/p>\n<p><strong>Impressum<\/strong><\/p>\n<p><strong>Angaben gem\u00e4\u00df \u00a7 5 DDG<\/strong><\/p>\n<p><strong>\u00d6kologie der Geister<\/strong> J\u00f6rg Wagner und Prof. Martin Schepers<\/p>\n<p><strong>Kontakt<\/strong><\/p>\n<p>J\u00f6rg Wagner &#8211; 01718190246<strong><\/strong><\/p>\n<p>Institut f\u00fcr Kunstp\u00e4dagogik, Justus-Liebig-Universit\u00e4t Gie\u00dfen &#8211; https:\/\/uni-giessen.de\/ifk\u00a0<\/p>\n<p><strong>Redaktionell verantwortlich<\/strong><\/p>\n<p>[Vorname Nachname] [Stra\u00dfe und Hausnummer] [Postleitzahl und Ort] (Gem\u00e4\u00df \u00a7 18 Abs. 2 MStV)<\/p>\n<p><strong>EU-Streitschlichtung<\/strong><\/p>\n<p>Die Europ\u00e4ische Kommission stellt eine Plattform zur Online-Streitbeilegung (OS) bereit: <a href=\"https:\/\/ec.europa.eu\/consumers\/odr\/\">https:\/\/ec.europa.eu\/consumers\/odr\/<\/a>. Unsere E-Mail-Adresse finden Sie oben im Impressum.<\/p>\n<p><strong>Verbraucherstreitbeilegung\/Universalschlichtungsstelle<\/strong><\/p>\n<p>Wir sind nicht bereit oder verpflichtet, an Streitbeilegungsverfahren vor einer Verbraucherschlichtungsstelle teilzunehmen.<\/p>\n<p><strong>Rechtliche Hinweise zu den Inhalten<\/strong><\/p>\n<p><strong>Urheberrecht<\/strong> Die durch die Seitenbetreiber erstellten Inhalte und Werke auf diesen Seiten (Texte, Bilder, Grafiken) unterliegen dem deutschen Urheberrecht. Die Vervielf\u00e4ltigung, Bearbeitung, Verbreitung und jede Art der Verwertung au\u00dferhalb der Grenzen des Urheberrechtes bed\u00fcrfen der schriftlichen Zustimmung des jeweiligen Autors bzw. Erstellers.<\/p>\n<p><strong>Haftung f\u00fcr Links<\/strong> Unser Angebot enth\u00e4lt Links zu externen Webseiten Dritter, auf deren Inhalte wir keinen Einfluss haben. Deshalb k\u00f6nnen wir f\u00fcr diese fremden Inhalte auch keine Gew\u00e4hr \u00fcbernehmen. F\u00fcr die Inhalte der verlinkten Seiten ist stets der jeweilige Anbieter oder Betreiber der Seiten verantwortlich.<\/p>\n<p>[\/et_pb_text][\/et_pb_column][\/et_pb_row][\/et_pb_section]<\/p>\n","protected":false},"excerpt":{"rendered":"<p>Impressum Angaben gem\u00e4\u00df \u00a7 5 DDG \u00d6kologie der Geister J\u00f6rg Wagner und Prof. Martin Schepers Kontakt J\u00f6rg Wagner &#8211; 01718190246 Institut f\u00fcr Kunstp\u00e4dagogik, Justus-Liebig-Universit\u00e4t Gie\u00dfen &#8211; https:\/\/uni-giessen.de\/ifk\u00a0 Redaktionell verantwortlich [Vorname Nachname] [Stra\u00dfe und Hausnummer] [Postleitzahl und Ort] (Gem\u00e4\u00df \u00a7 18 Abs. 2 MStV) EU-Streitschlichtung Die Europ\u00e4ische Kommission stellt eine Plattform zur Online-Streitbeilegung (OS) bereit: https:\/\/ec.europa.eu\/consumers\/odr\/. [&hellip;]<\/p>\n","protected":false},"author":2,"featured_media":0,"parent":0,"menu_order":0,"comment_status":"closed","ping_status":"closed","template":"","meta":{"_et_pb_use_builder":"on","_et_pb_old_content":"<!-- wp:divi\/placeholder \/-->","_et_gb_content_width":"","footnotes":""},"class_list":["post-86","page","type-page","status-publish","hentry"],"_links":{"self":[{"href":"https:\/\/oekologiedergeister.de\/index.php\/wp-json\/wp\/v2\/pages\/86","targetHints":{"allow":["GET"]}}],"collection":[{"href":"https:\/\/oekologiedergeister.de\/index.php\/wp-json\/wp\/v2\/pages"}],"about":[{"href":"https:\/\/oekologiedergeister.de\/index.php\/wp-json\/wp\/v2\/types\/page"}],"author":[{"embeddable":true,"href":"https:\/\/oekologiedergeister.de\/index.php\/wp-json\/wp\/v2\/users\/2"}],"replies":[{"embeddable":true,"href":"https:\/\/oekologiedergeister.de\/index.php\/wp-json\/wp\/v2\/comments?post=86"}],"version-history":[{"count":5,"href":"https:\/\/oekologiedergeister.de\/index.php\/wp-json\/wp\/v2\/pages\/86\/revisions"}],"predecessor-version":[{"id":260,"href":"https:\/\/oekologiedergeister.de\/index.php\/wp-json\/wp\/v2\/pages\/86\/revisions\/260"}],"wp:attachment":[{"href":"https:\/\/oekologiedergeister.de\/index.php\/wp-json\/wp\/v2\/media?parent=86"}],"curies":[{"name":"wp","href":"https:\/\/api.w.org\/{rel}","templated":true}]}}